{"id":534,"date":"2020-11-18T14:49:31","date_gmt":"2020-11-18T13:49:31","guid":{"rendered":"http:\/\/www.i-conia.com\/?page_id=534"},"modified":"2024-11-11T11:26:18","modified_gmt":"2024-11-11T10:26:18","slug":"sraer-5","status":"publish","type":"page","link":"https:\/\/www.i-conia.com\/?page_id=534","title":{"rendered":"Roman scout"},"content":{"rendered":"<p>[et_pb_section fb_built=\u00a0\u00bb1&Prime; _builder_version=\u00a0\u00bb4.6.6&Prime; _module_preset=\u00a0\u00bbdefault\u00a0\u00bb background_color=\u00a0\u00bb#ffffff\u00a0\u00bb custom_margin=\u00a0\u00bb||-61px|||\u00a0\u00bb][et_pb_row _builder_version=\u00a0\u00bb4.6.6&Prime; _module_preset=\u00a0\u00bbdefault\u00a0\u00bb collapsed=\u00a0\u00bbon\u00a0\u00bb][et_pb_column type=\u00a0\u00bb4_4&Prime; _builder_version=\u00a0\u00bb4.6.6&Prime; _module_preset=\u00a0\u00bbdefault\u00a0\u00bb][et_pb_menu menu_style=\u00a0\u00bbcentered\u00a0\u00bb submenu_direction=\u00a0\u00bbupwards\u00a0\u00bb dropdown_menu_line_color=\u00a0\u00bb#000000&Prime; dropdown_menu_text_color=\u00a0\u00bb#000000&Prime; dropdown_menu_active_link_color=\u00a0\u00bb#000000&Prime; mobile_menu_text_color=\u00a0\u00bb#000000&Prime; menu_icon_color=\u00a0\u00bb#000000&Prime; _builder_version=\u00a0\u00bb4.6.6&Prime; _module_preset=\u00a0\u00bbdefault\u00a0\u00bb menu_font=\u00a0\u00bb|800|||||||\u00a0\u00bb menu_font_size=\u00a0\u00bb17px\u00a0\u00bb menu_letter_spacing=\u00a0\u00bb1px\u00a0\u00bb background_color=\u00a0\u00bbrgba(0,0,0,0)\u00a0\u00bb custom_margin_tablet=\u00a0\u00bb\u00a0\u00bb custom_margin_phone=\u00a0\u00bb51px||-33px||false|false\u00a0\u00bb custom_margin_last_edited=\u00a0\u00bbon|phone\u00a0\u00bb menu_font_tablet=\u00a0\u00bb\u00a0\u00bb menu_font_phone=\u00a0\u00bb|300|||||||\u00a0\u00bb menu_font_last_edited=\u00a0\u00bbon|phone\u00a0\u00bb menu_font_size_tablet=\u00a0\u00bb\u00a0\u00bb menu_font_size_phone=\u00a0\u00bb12px\u00a0\u00bb menu_font_size_last_edited=\u00a0\u00bbon|phone\u00a0\u00bb menu_letter_spacing_tablet=\u00a0\u00bb\u00a0\u00bb menu_letter_spacing_phone=\u00a0\u00bb\u00a0\u00bb menu_letter_spacing_last_edited=\u00a0\u00bbon|phone\u00a0\u00bb locked=\u00a0\u00bboff\u00a0\u00bb][\/et_pb_menu][\/et_pb_column][\/et_pb_row][et_pb_row _builder_version=\u00a0\u00bb4.6.6&Prime; _module_preset=\u00a0\u00bbdefault\u00a0\u00bb min_height=\u00a0\u00bb110px\u00a0\u00bb][et_pb_column type=\u00a0\u00bb4_4&Prime; _builder_version=\u00a0\u00bb4.6.6&Prime; _module_preset=\u00a0\u00bbdefault\u00a0\u00bb][et_pb_text _builder_version=\u00a0\u00bb4.6.6&Prime; _module_preset=\u00a0\u00bbdefault\u00a0\u00bb]<\/p>\n<p style=\"text-align: center;\">Fort de l\u2019int\u00e9r\u00eat des lecteurs lors de sa premi\u00e8re \u00e9dition parue en novembre 2020, l\u2019auteur a fait paraitre une nouvelle \u00e9dition en 2024.<\/p>\n<p style=\"text-align: center;\">Cette \u00e9dition est amend\u00e9e d&rsquo;un dossier document\u00e9 permettant d&rsquo;\u00e9tayer les recherches fouill\u00e9es que l&rsquo;auteur a effectu\u00e9es concernant certains des faits historiques relat\u00e9s.<\/p>\n<p style=\"text-align: center;\">Par ailleurs, des illustrations en noir et blanc, en forme de gravure, r\u00e9alis\u00e9es par l\u2019artiste S\u00e9gol\u00e8ne Gosset, agr\u00e9mentent l&rsquo;ouvrage avec go\u00fbt et permettent au lecteur de se figurer les sc\u00e8nes les plus marquantes.<\/p>\n<p>&nbsp;<\/p>\n<p>[\/et_pb_text][\/et_pb_column][\/et_pb_row][et_pb_row _builder_version=\u00a0\u00bb4.6.6&Prime; _module_preset=\u00a0\u00bbdefault\u00a0\u00bb min_height=\u00a0\u00bb701px\u00a0\u00bb custom_margin=\u00a0\u00bb-18px|132px||auto|false|false\u00a0\u00bb custom_padding=\u00a0\u00bb5px|0px|0px|||\u00a0\u00bb hover_enabled=\u00a0\u00bb0&Prime; locked=\u00a0\u00bboff\u00a0\u00bb module_alignment=\u00a0\u00bbcenter\u00a0\u00bb sticky_enabled=\u00a0\u00bb0&Prime;][et_pb_column type=\u00a0\u00bb4_4&Prime; _builder_version=\u00a0\u00bb4.6.6&Prime; _module_preset=\u00a0\u00bbdefault\u00a0\u00bb][et_pb_image src=\u00a0\u00bbhttp:\/\/www.i-conia.com\/wp-content\/uploads\/2024\/05\/Couverture-SRAER-recto.png\u00a0\u00bb title_text=\u00a0\u00bbSRAER PDG\u00a0\u00bb _builder_version=\u00a0\u00bb4.6.6&Prime; _module_preset=\u00a0\u00bbdefault\u00a0\u00bb custom_margin=\u00a0\u00bb||12px|||\u00a0\u00bb hover_enabled=\u00a0\u00bb0&Prime; sticky_enabled=\u00a0\u00bb0&Prime;][\/et_pb_image][et_pb_image src=\u00a0\u00bbhttp:\/\/www.i-conia.com\/wp-content\/uploads\/2024\/05\/Couverture-SRAER-verso.png\u00a0\u00bb title_text=\u00a0\u00bbSRAER 4COUV\u00a0\u00bb align=\u00a0\u00bbcenter\u00a0\u00bb src_tablet=\u00a0\u00bb\u00a0\u00bb src_phone=\u00a0\u00bb\u00a0\u00bb src_last_edited=\u00a0\u00bbon|phone\u00a0\u00bb _builder_version=\u00a0\u00bb4.6.6&Prime; _module_preset=\u00a0\u00bbdefault\u00a0\u00bb width=\u00a0\u00bb100%\u00a0\u00bb min_height=\u00a0\u00bb664px\u00a0\u00bb custom_margin=\u00a0\u00bb||49px|||\u00a0\u00bb hover_enabled=\u00a0\u00bb0&Prime; sticky_enabled=\u00a0\u00bb0&Prime;][\/et_pb_image][\/et_pb_column][\/et_pb_row][et_pb_row _builder_version=\u00a0\u00bb4.6.6&Prime; _module_preset=\u00a0\u00bbdefault\u00a0\u00bb min_height=\u00a0\u00bb142px\u00a0\u00bb custom_padding=\u00a0\u00bb||21px|||\u00a0\u00bb][et_pb_column type=\u00a0\u00bb4_4&Prime; _builder_version=\u00a0\u00bb4.6.6&Prime; _module_preset=\u00a0\u00bbdefault\u00a0\u00bb][et_pb_button button_url=\u00a0\u00bbhttps:\/\/www.thebookedition.com\/fr\/sans-attendre-d-autre-recompense-p-398895.html\u00a0\u00bb button_text=\u00a0\u00bbAcheter\u00a0\u00bb button_alignment=\u00a0\u00bbcenter\u00a0\u00bb _builder_version=\u00a0\u00bb4.6.6&Prime; _module_preset=\u00a0\u00bbdefault\u00a0\u00bb custom_button=\u00a0\u00bbon\u00a0\u00bb button_text_color=\u00a0\u00bb#0c71c3&Prime;][\/et_pb_button][\/et_pb_column][\/et_pb_row][et_pb_row _builder_version=\u00a0\u00bb4.6.6&Prime; _module_preset=\u00a0\u00bbdefault\u00a0\u00bb][et_pb_column type=\u00a0\u00bb4_4&Prime; _builder_version=\u00a0\u00bb4.6.6&Prime; _module_preset=\u00a0\u00bbdefault\u00a0\u00bb][et_pb_team_member name=\u00a0\u00bbL&rsquo;auteur : Christophe de Sansal\u00a0\u00bb image_url=\u00a0\u00bbhttp:\/\/www.i-conia.com\/wp-content\/uploads\/2021\/01\/Photo-CDS-2020-mini.jpg\u00a0\u00bb facebook_url=\u00a0\u00bbhttps:\/\/www.facebook.com\/C.de.Sansal\u00a0\u00bb linkedin_url=\u00a0\u00bbhttps:\/\/www.linkedin.com\/in\/christophe-de-sansal-9138201\/\u00a0\u00bb icon_color=\u00a0\u00bb#0c71c3&Prime; _builder_version=\u00a0\u00bb4.6.6&Prime; _module_preset=\u00a0\u00bbdefault\u00a0\u00bb hover_enabled=\u00a0\u00bb0&Prime; sticky_enabled=\u00a0\u00bb0&Prime;]<\/p>\n<p>Ing\u00e9nieur et docteur \u00e8s physique de formation, se lancer dans l&rsquo;\u00e9criture relevait du d\u00e9fi&#8230; Mais je suis passionn\u00e9 de culture historique et souhaitais y consacrer du temps!<\/p>\n<p><em>Sans attendre d\u2019autre r\u00e9compense<\/em> est mon premier roman, r\u00e9dig\u00e9 en quelques mois \u00e0 l\u2019occasion de l\u2019accalmie professionnelle procur\u00e9e par le confinement en 2020.<\/p>\n<p>Je souhaitais \u00e0 la fois retrouver la saveur de romans d\u2019aventure scoute (Signe de Piste) car le scoutisme m&rsquo;a forg\u00e9 dans ma jeunesse, et rendre hommage \u00e0 mon grand-oncle, Henri de Sansal, mort pour la France en 1940, presque dans l&rsquo;oubli&#8230; Ce roman de guerre m\u00eale alors la petite et la grande Histoire.<\/p>\n<p>Dans un autre style, un recueil de 20 nouvelles sur 20 si\u00e8cles d\u2019histoire de la Bourgogne est entrain de naitre au gr\u00e9 des\u00a0 heures qui me sont donn\u00e9es\u2026<\/p>\n<p>[\/et_pb_team_member][\/et_pb_column][\/et_pb_row][\/et_pb_section][et_pb_section fb_built=\u00a0\u00bb1&Prime; _builder_version=\u00a0\u00bb4.6.6&Prime; _module_preset=\u00a0\u00bbdefault\u00a0\u00bb min_height=\u00a0\u00bb3186px\u00a0\u00bb][et_pb_row column_structure=\u00a0\u00bb1_4,1_4,1_4,1_4&Prime; _builder_version=\u00a0\u00bb4.6.6&Prime; _module_preset=\u00a0\u00bbdefault\u00a0\u00bb][et_pb_column type=\u00a0\u00bb1_4&Prime; _builder_version=\u00a0\u00bb4.6.6&Prime; _module_preset=\u00a0\u00bbdefault\u00a0\u00bb][et_pb_video src=\u00a0\u00bbhttp:\/\/www.youtube.com\/watch?v=EktIYNCNVhs&#038;t=201s\u00a0\u00bb play_icon_color=\u00a0\u00bb#0c71c3&Prime; thumbnail_overlay_color=\u00a0\u00bbrgba(0,0,0,0.6)\u00a0\u00bb _builder_version=\u00a0\u00bb4.6.6&Prime; _module_preset=\u00a0\u00bbdefault\u00a0\u00bb border_width_all=\u00a0\u00bb7px\u00a0\u00bb border_color_all=\u00a0\u00bb#0c71c3&Prime;][\/et_pb_video][et_pb_testimonial author=\u00a0\u00bbTVL\u00a0\u00bb portrait_url=\u00a0\u00bbhttp:\/\/www.i-conia.com\/wp-content\/uploads\/2024\/11\/logo-TVL.png\u00a0\u00bb quote_icon_color=\u00a0\u00bb#0c71c3&Prime; _builder_version=\u00a0\u00bb4.6.6&Prime; _module_preset=\u00a0\u00bbdefault\u00a0\u00bb body_font=\u00a0\u00bb||||||||\u00a0\u00bb author_text_align=\u00a0\u00bbcenter\u00a0\u00bb author_text_color=\u00a0\u00bb#ffffff\u00a0\u00bb background_color=\u00a0\u00bb#0c71c3&Prime; text_orientation=\u00a0\u00bbcenter\u00a0\u00bb background_layout=\u00a0\u00bbdark\u00a0\u00bb]<\/p>\n<p>Des scouts dans la seconde guerre mondiale &#8211; Le Zoom d&rsquo;Olivier Fr\u00e8rejacques<\/p>\n<p>[\/et_pb_testimonial][\/et_pb_column][et_pb_column type=\u00a0\u00bb1_4&Prime; _builder_version=\u00a0\u00bb4.6.6&Prime; _module_preset=\u00a0\u00bbdefault\u00a0\u00bb][et_pb_testimonial author=\u00a0\u00bbLivres en famille\u00a0\u00bb portrait_url=\u00a0\u00bbhttp:\/\/www.i-conia.com\/wp-content\/uploads\/2024\/11\/logo.png\u00a0\u00bb _builder_version=\u00a0\u00bb4.6.6&Prime; _module_preset=\u00a0\u00bbdefault\u00a0\u00bb background_color=\u00a0\u00bb#0c71c3&Prime; text_orientation=\u00a0\u00bbcenter\u00a0\u00bb background_layout=\u00a0\u00bbdark\u00a0\u00bb custom_padding=\u00a0\u00bb|||19px||\u00a0\u00bb]<\/p>\n<p>Et s&rsquo;il plait \u00e0 Dieu, toujours! C&rsquo;est ce qui vient \u00e0 nos l\u00e8vres en refermant ce livre&#8230; Passionnant, enlev\u00e9 hors des sentiers battus, une belle aventure d&rsquo;hommes.<\/p>\n<p>[\/et_pb_testimonial][\/et_pb_column][et_pb_column type=\u00a0\u00bb1_4&Prime; _builder_version=\u00a0\u00bb4.6.6&Prime; _module_preset=\u00a0\u00bbdefault\u00a0\u00bb][et_pb_testimonial author=\u00a0\u00bbPlaisir de lire\u00a0\u00bb portrait_url=\u00a0\u00bbhttp:\/\/www.i-conia.com\/wp-content\/uploads\/2024\/11\/logo-plaisir-de-lire.png\u00a0\u00bb quote_icon_color=\u00a0\u00bb#0c71c3&Prime; portrait_width=\u00a0\u00bb144px\u00a0\u00bb portrait_height=\u00a0\u00bb143px\u00a0\u00bb _builder_version=\u00a0\u00bb4.6.6&Prime; _module_preset=\u00a0\u00bbdefault\u00a0\u00bb body_text_align=\u00a0\u00bbcenter\u00a0\u00bb author_text_align=\u00a0\u00bbcenter\u00a0\u00bb background_color=\u00a0\u00bb#0c71c3&Prime; text_orientation=\u00a0\u00bbcenter\u00a0\u00bb background_layout=\u00a0\u00bbdark\u00a0\u00bb]<\/p>\n<p>Un magnifique roman qui d\u00e9passe le grand jeu scout pour nous mener \u00e0 la vie r\u00e9elle et brutale&#8230; Le lecteur est entra\u00een\u00e9 au coeur de la bataille, cartes \u00e0 l&rsquo;appui, mais selon son degr\u00e9 de maturit\u00e9, il d\u00e9couvrira aussi les tiraillements qui d\u00e9chirent les consciences et les \u00e2mes. Un livre poignant qui se termine par le Te Deum dans les bras de Dieu.<\/p>\n<p>[\/et_pb_testimonial][\/et_pb_column][et_pb_column type=\u00a0\u00bb1_4&Prime; _builder_version=\u00a0\u00bb4.6.6&Prime; _module_preset=\u00a0\u00bbdefault\u00a0\u00bb][et_pb_testimonial author=\u00a0\u00bbMedias Presse Info\u00a0\u00bb portrait_url=\u00a0\u00bbhttp:\/\/www.i-conia.com\/wp-content\/uploads\/2024\/11\/Medias-Presse-Info.png\u00a0\u00bb quote_icon_color=\u00a0\u00bb#0c71c3&Prime; _builder_version=\u00a0\u00bb4.6.6&Prime; _module_preset=\u00a0\u00bbdefault\u00a0\u00bb body_text_align=\u00a0\u00bbcenter\u00a0\u00bb author_text_align=\u00a0\u00bbcenter\u00a0\u00bb background_color=\u00a0\u00bb#0c71c3&Prime; text_orientation=\u00a0\u00bbcenter\u00a0\u00bb background_layout=\u00a0\u00bbdark\u00a0\u00bb]<\/p>\n<p>Un roman scout? Oui, mais pas qu&rsquo;un roman scout! Une aventure humaine d&rsquo;une sacr\u00e9e trempe! L&rsquo;auteur a travaill\u00e9 en profondeur, jusqu&rsquo;\u00e0 l&rsquo;\u00e2me, d&rsquo;une belle plume. On pourrait par son texte illustrer la pri\u00e8re scoute \u00ab\u00a0Seigneur J\u00e9sus, apprenez-nous&#8230;\u00a0\u00bb<\/p>\n<p>[\/et_pb_testimonial][\/et_pb_column][\/et_pb_row][et_pb_row _builder_version=\u00a0\u00bb4.6.6&Prime; _module_preset=\u00a0\u00bbdefault\u00a0\u00bb custom_padding=\u00a0\u00bb69px|||||\u00a0\u00bb][et_pb_column type=\u00a0\u00bb4_4&Prime; _builder_version=\u00a0\u00bb4.6.6&Prime; _module_preset=\u00a0\u00bbdefault\u00a0\u00bb][et_pb_comments show_avatar=\u00a0\u00bboff\u00a0\u00bb show_reply=\u00a0\u00bboff\u00a0\u00bb show_count=\u00a0\u00bboff\u00a0\u00bb _builder_version=\u00a0\u00bb4.6.6&Prime; _module_preset=\u00a0\u00bbdefault\u00a0\u00bb header_level=\u00a0\u00bbh4&Prime; header_line_height=\u00a0\u00bb1.1em\u00a0\u00bb title_level=\u00a0\u00bbh4&Prime; custom_button=\u00a0\u00bbon\u00a0\u00bb button_text_size=\u00a0\u00bb8px\u00a0\u00bb button_text_color=\u00a0\u00bb#000000&Prime; custom_padding=\u00a0\u00bb|||0px||\u00a0\u00bb sticky_limit_top=\u00a0\u00bbbody\u00a0\u00bb hover_enabled=\u00a0\u00bb0&Prime; sticky_enabled=\u00a0\u00bb0&Prime;][\/et_pb_comments][\/et_pb_column][\/et_pb_row][\/et_pb_section]<\/p>\n","protected":false},"excerpt":{"rendered":"<p>D\u00e9couvrez Yves, adolescent g\u00e9n\u00e9reux et d\u00e9bordant de vie. Observez-le grandir et int\u00e9grer le 49\u00e8me bataillon de chars de combat, \u00e0 l\u2019aube de la bataille de France. Un ode \u00e0 l\u2019amiti\u00e9 et au courage : ces boucliers qui nous emp\u00eachent de sombrer.<\/p>\n","protected":false},"author":1,"featured_media":607,"parent":0,"menu_order":0,"comment_status":"open","ping_status":"closed","template":"page-template-blank.php","meta":{"_et_pb_use_builder":"on","_et_pb_old_content":"","_et_gb_content_width":""},"yoast_head":"<!-- This site is optimized with the Yoast SEO plugin v15.3 - https:\/\/yoast.com\/wordpress\/plugins\/seo\/ -->\n<title>Roman scout - i.conia<\/title>\n<meta name=\"description\" content=\"Un nouveau roman scout ! Une ode \u00e0 l\u2019amiti\u00e9 et au courage : ces boucliers qui nous emp\u00eachent de sombrer.\" \/>\n<meta name=\"robots\" content=\"index, follow, max-snippet:-1, max-image-preview:large, max-video-preview:-1\" \/>\n<link rel=\"canonical\" href=\"http:\/\/www.i-conia.com\/?page_id=534\" \/>\n<meta property=\"og:locale\" content=\"fr_FR\" \/>\n<meta property=\"og:type\" content=\"article\" \/>\n<meta property=\"og:title\" content=\"Roman scout\" \/>\n<meta property=\"og:description\" content=\"Un ode \u00e0 l\u2019amiti\u00e9 et au courage : ces boucliers qui nous emp\u00eachent de sombrer.\" \/>\n<meta property=\"og:url\" content=\"http:\/\/www.i-conia.com\/?page_id=534\" \/>\n<meta property=\"og:site_name\" content=\"i.conia\" \/>\n<meta property=\"article:publisher\" content=\"https:\/\/www.facebook.com\/C.de.Sansal\" \/>\n<meta property=\"article:modified_time\" content=\"2024-11-11T10:26:18+00:00\" \/>\n<meta property=\"og:image\" content=\"https:\/\/www.i-conia.com\/wp-content\/uploads\/2020\/11\/Couverture-1.jpg\" \/>\n\t<meta property=\"og:image:width\" content=\"907\" \/>\n\t<meta property=\"og:image:height\" content=\"1302\" \/>\n<meta name=\"twitter:card\" content=\"summary_large_image\" \/>\n<meta name=\"twitter:label1\" content=\"\u00c9crit par\">\n\t<meta name=\"twitter:data1\" content=\"sansal\">\n\t<meta name=\"twitter:label2\" content=\"Dur\u00e9e de lecture est.\">\n\t<meta name=\"twitter:data2\" content=\"5 minutes\">\n<script type=\"application\/ld+json\" class=\"yoast-schema-graph\">{\"@context\":\"https:\/\/schema.org\",\"@graph\":[{\"@type\":\"WebSite\",\"@id\":\"https:\/\/www.i-conia.com\/#website\",\"url\":\"https:\/\/www.i-conia.com\/\",\"name\":\"i.conia\",\"description\":\"Romans historiques, romans d&#039;aventure\",\"potentialAction\":[{\"@type\":\"SearchAction\",\"target\":\"https:\/\/www.i-conia.com\/?s={search_term_string}\",\"query-input\":\"required name=search_term_string\"}],\"inLanguage\":\"fr-FR\"},{\"@type\":\"ImageObject\",\"@id\":\"http:\/\/www.i-conia.com\/?page_id=534#primaryimage\",\"inLanguage\":\"fr-FR\",\"url\":\"https:\/\/www.i-conia.com\/wp-content\/uploads\/2020\/11\/Couverture-1.jpg\",\"width\":907,\"height\":1302},{\"@type\":\"WebPage\",\"@id\":\"http:\/\/www.i-conia.com\/?page_id=534#webpage\",\"url\":\"http:\/\/www.i-conia.com\/?page_id=534\",\"name\":\"Roman scout - i.conia\",\"isPartOf\":{\"@id\":\"https:\/\/www.i-conia.com\/#website\"},\"primaryImageOfPage\":{\"@id\":\"http:\/\/www.i-conia.com\/?page_id=534#primaryimage\"},\"datePublished\":\"2020-11-18T13:49:31+00:00\",\"dateModified\":\"2024-11-11T10:26:18+00:00\",\"description\":\"Un nouveau roman scout ! Une ode \\u00e0 l\\u2019amiti\\u00e9 et au courage : ces boucliers qui nous emp\\u00eachent de sombrer.\",\"inLanguage\":\"fr-FR\",\"potentialAction\":[{\"@type\":\"ReadAction\",\"target\":[\"http:\/\/www.i-conia.com\/?page_id=534\"]}]}]}<\/script>\n<!-- \/ Yoast SEO plugin. -->","_links":{"self":[{"href":"https:\/\/www.i-conia.com\/index.php?rest_route=\/wp\/v2\/pages\/534"}],"collection":[{"href":"https:\/\/www.i-conia.com\/index.php?rest_route=\/wp\/v2\/pages"}],"about":[{"href":"https:\/\/www.i-conia.com\/index.php?rest_route=\/wp\/v2\/types\/page"}],"author":[{"embeddable":true,"href":"https:\/\/www.i-conia.com\/index.php?rest_route=\/wp\/v2\/users\/1"}],"replies":[{"embeddable":true,"href":"https:\/\/www.i-conia.com\/index.php?rest_route=%2Fwp%2Fv2%2Fcomments&post=534"}],"version-history":[{"count":51,"href":"https:\/\/www.i-conia.com\/index.php?rest_route=\/wp\/v2\/pages\/534\/revisions"}],"predecessor-version":[{"id":770,"href":"https:\/\/www.i-conia.com\/index.php?rest_route=\/wp\/v2\/pages\/534\/revisions\/770"}],"wp:featuredmedia":[{"embeddable":true,"href":"https:\/\/www.i-conia.com\/index.php?rest_route=\/wp\/v2\/media\/607"}],"wp:attachment":[{"href":"https:\/\/www.i-conia.com\/index.php?rest_route=%2Fwp%2Fv2%2Fmedia&parent=534"}],"curies":[{"name":"wp","href":"https:\/\/api.w.org\/{rel}","templated":true}]}}