{"id":431,"date":"2020-11-17T14:36:22","date_gmt":"2020-11-17T13:36:22","guid":{"rendered":"http:\/\/www.i-conia.com\/?page_id=431"},"modified":"2023-03-28T18:03:51","modified_gmt":"2023-03-28T16:03:51","slug":"de-burgundia","status":"publish","type":"page","link":"https:\/\/www.i-conia.com\/?page_id=431","title":{"rendered":"De Burgundia"},"content":{"rendered":"<p>[et_pb_section fb_built=\u00a0\u00bb1&Prime; _builder_version=\u00a0\u00bb4.6.6&Prime; _module_preset=\u00a0\u00bbdefault\u00a0\u00bb background_color=\u00a0\u00bb#88c4dd\u00a0\u00bb locked=\u00a0\u00bboff\u00a0\u00bb][et_pb_row _builder_version=\u00a0\u00bb4.6.6&Prime; _module_preset=\u00a0\u00bbdefault\u00a0\u00bb background_color=\u00a0\u00bbrgba(0,0,0,0)\u00a0\u00bb][et_pb_column type=\u00a0\u00bb4_4&Prime; _builder_version=\u00a0\u00bb4.6.6&Prime; _module_preset=\u00a0\u00bbdefault\u00a0\u00bb][et_pb_menu menu_style=\u00a0\u00bbcentered\u00a0\u00bb submenu_direction=\u00a0\u00bbupwards\u00a0\u00bb dropdown_menu_line_color=\u00a0\u00bb#000000&Prime; dropdown_menu_text_color=\u00a0\u00bb#000000&Prime; dropdown_menu_active_link_color=\u00a0\u00bb#000000&Prime; mobile_menu_text_color=\u00a0\u00bb#000000&Prime; menu_icon_color=\u00a0\u00bb#000000&Prime; _builder_version=\u00a0\u00bb4.6.6&Prime; _module_preset=\u00a0\u00bbdefault\u00a0\u00bb menu_font=\u00a0\u00bb|800|||||||\u00a0\u00bb menu_line_height=\u00a0\u00bb0.5em\u00a0\u00bb background_color=\u00a0\u00bbrgba(0,0,0,0)\u00a0\u00bb custom_margin_tablet=\u00a0\u00bb\u00a0\u00bb custom_margin_phone=\u00a0\u00bb66px||-52px||false|false\u00a0\u00bb custom_margin_last_edited=\u00a0\u00bbon|phone\u00a0\u00bb menu_font_tablet=\u00a0\u00bb\u00a0\u00bb menu_font_phone=\u00a0\u00bb|300|||||||\u00a0\u00bb menu_font_last_edited=\u00a0\u00bbon|phone\u00a0\u00bb menu_font_size_tablet=\u00a0\u00bb\u00a0\u00bb menu_font_size_phone=\u00a0\u00bb12px\u00a0\u00bb menu_font_size_last_edited=\u00a0\u00bbon|phone\u00a0\u00bb menu_letter_spacing_tablet=\u00a0\u00bb\u00a0\u00bb menu_letter_spacing_phone=\u00a0\u00bb\u00a0\u00bb menu_letter_spacing_last_edited=\u00a0\u00bbon|phone\u00a0\u00bb][\/et_pb_menu][\/et_pb_column][\/et_pb_row][et_pb_row column_structure=\u00a0\u00bb3_4,1_4&Prime; _builder_version=\u00a0\u00bb4.6.6&Prime; _module_preset=\u00a0\u00bbdefault\u00a0\u00bb][et_pb_column type=\u00a0\u00bb3_4&Prime; _builder_version=\u00a0\u00bb4.6.6&Prime; _module_preset=\u00a0\u00bbdefault\u00a0\u00bb][et_pb_text _builder_version=\u00a0\u00bb4.6.6&Prime; _module_preset=\u00a0\u00bbdefault\u00a0\u00bb]<\/p>\n<p>Les regards sont tourn\u00e9s vers le futur, il est toujours plus moderne, toujours plus efficace. Ce futur est charg\u00e9 d\u2019une esp\u00e9rance : celle d\u2019une vie d\u00e9livr\u00e9e des tourments humains. Ces tourments seraient-ils l\u2019h\u00e9ritage d\u2019un pass\u00e9 coupable ? Coupable, cet ancien monde, avec sa loi du plus fort, ses nations atomiques et leurs belliqueux principes d\u2019exclusion ?<\/p>\n<p>Fer de lance du futur, les grands projets urbains germent et animent les centres de nos villes multis\u00e9culaires. Les fouilles pr\u00e9ventives, lanc\u00e9es lors des travaux de fondations mettent \u00e0 jour alors des vestiges du pass\u00e9. Un instant seulement, le monde s\u2019arr\u00eate et suspend sa course \u00e0 la modernisation, \u00e0 la rentabilit\u00e9, au confort.<\/p>\n<p>&nbsp;<\/p>\n<p>\u00ab Arr\u00eate-toi juste un moment et regarde-moi. Apprends de moi \u00bb nous dit le vestige.<\/p>\n<p>Aussi extraordinaire que cela puisse para\u00eetre, nous lui ob\u00e9issons, \u00e0 ce petit reste du temps ruin\u00e9 par l\u2019\u00e9rosion ! La loi elle-m\u00eame, nous l\u2019ordonne. Qui es-tu, trace du pass\u00e9, pour dompter l\u2019ouragan du progr\u00e8s ?<\/p>\n<p>Tu es l\u2019Histoire. Tu es une part d\u2019\u00e2me, dans chaque homme, qui lui r\u00e9p\u00e8te inlassablement : \u00ab je suis ton origine, si tu le souhaites, je peux donner un sens \u00e0 ton avenir \u00bb<\/p>\n<p>Tu n\u2019existes plus, tu n\u2019es plus qu\u2019une empreinte sans vie apparente. Et pourtant, tu transpires de tout ce que tu pourrais raconter. Tu as le pouvoir de reprendre vie dans nos m\u00e9moires. Tu es un connecteur temporel infiniment plus efficace que n\u2019importe quelle machine d\u00e9lirante de r\u00e9cit de science-fiction.<\/p>\n<p>Et moi, petit Bourguignon du XXI\u00e8me si\u00e8cle, j\u2019ai besoin de toi pour rencontrer ma terre, pour l\u2019aimer, la faire aimer et \u00e9crire son avenir.<\/p>\n<p>La Bourgogne, point de connexions fluviales, zone de rencontres des civilisations, d\u2019\u00e9changes de richesses terrestres comme humaines !<\/p>\n<p>C\u2019est d\u2019une terre de guerriers paysans dont je vous parle. Eduens, S\u00e9quanes et Lingons, d\u2019\u00e2me et de c\u0153ur celtes, confiants dans l\u2019immortalit\u00e9 de l\u2019\u00e2me et dans la puissance tellurique de la nature. De ces rudes peuplades soumises par la puissance civilisatrice romaine, il est rest\u00e9 un d\u00e9sir mystique que les dieux de l\u2019Empire, procurant luxe et confort, ne peuvent assouvir.<\/p>\n<p>C\u2019est de la lointaine Palestine et par la Narbonnaise, l\u00e9gion charg\u00e9e de la Pax Romana en Jud\u00e9e, mais \u00e9galement par ces Orientaux, d\u00e9racin\u00e9s \u00e0 cause de leur Foi, que s\u2019installe en Provence, puis remontant jusqu\u2019\u00e0 Lyon, une lumi\u00e8re qui habite la nation enti\u00e8re depuis deux mill\u00e9naires. 177, sous Marc Aur\u00e8le, quarante-huit Chr\u00e9tiens subissent le martyr dans les ar\u00e8nes de Lugdunum. Ceux qui fuient, \u00e9vang\u00e9lisent au nord. B\u00e9nigne et Andoche pour Dijon, Symphorien et Thyrse pour Autun, Marcel et Val\u00e9rien pour Chalon\u2026\u00a0\u00a0 Du sang de ces martyrs venant de Gr\u00e8ce, de Palestine, de Syrie et de Turquie, na\u00eetra les si\u00e8cles suivants une institution religieuse et politique, qui jouera un r\u00f4le pr\u00e9pond\u00e9rant dans la naissance de l\u2019\u00e2me bourguignonne. \u00c2me qu\u2019insuffleront Gondebaud et Sigismond, princes burgondes et Patrices Romains.<\/p>\n<p>Tour \u00e0 tour adversaire dangereux et rival soumis, puis alli\u00e9 par le sang et fr\u00e8re d\u2019armes du royaume Franc, la Bourgogne prend part \u00e0 la naissance de la France. Son influence religieuse fondatrice de l\u2019art Roman, sa sainte princesse Clothilde, instrument de la politique divine, ses premiers \u2018Dux\u2019 \u2013 fins strat\u00e8ges, forgent une \u00e2me qui va ensoleiller l\u2019Europe enti\u00e8re. Cluny, C\u00eeteaux en seront le c\u0153ur ardent, les \u0153uvres de charit\u00e9, la musique, la peinture, la sculpture et l\u2019art de vivre en seront ses rayons. L\u2019habilet\u00e9 politique et l\u2019ambition de ses grands ducs fait de la Bourgogne la petite s\u0153ur turbulente et presque fratricide du Royaume des Fleurs de Lys. Apr\u00e8s le T\u00e9m\u00e9raire, La Bourgogne politique meurt, mais son \u00e2me survit. Attach\u00e9e \u00e0 la Ligue Catholique lors des guerres de religion, elle sait contenir les d\u00e9bordements de la Saint Barth\u00e9lemy par de sages dispositions rappelant l\u2019\u00e9tat d\u2019esprit Burgonde lors des conflits Ariano-Nic\u00e9ens. Gouvern\u00e9e \u00e0 distance par des princes m\u00e9c\u00e8nes des Art et des Lettres, jusqu\u2019\u00e0 la R\u00e9volution, la Bourgogne et son Comt\u00e9 ne constituent plus qu\u2019une r\u00e9gion parmi d\u2019autres dans une France somme toute tr\u00e8s administrative. On sent encore ses soubresauts d\u2019\u00e2me quand on parle de l\u2019excellence de ses vignes, des produits du Terroir. Mais sa m\u00e9moire survit-elle ?<\/p>\n<p>Je vous propose de revenir dans le temps, et balayer avec moi, par le biais de petites nouvelles, l\u2019histoire de la Bourgogne.<\/p>\n<p>&nbsp;<\/p>\n<p>[\/et_pb_text][\/et_pb_column][et_pb_column type=\u00a0\u00bb1_4&Prime; _builder_version=\u00a0\u00bb4.6.6&Prime; _module_preset=\u00a0\u00bbdefault\u00a0\u00bb][et_pb_button button_text=\u00a0\u00bbTravail en cours\u00a0\u00bb button_alignment=\u00a0\u00bbcenter\u00a0\u00bb _builder_version=\u00a0\u00bb4.6.6&Prime; _module_preset=\u00a0\u00bbdefault\u00a0\u00bb custom_button=\u00a0\u00bbon\u00a0\u00bb button_text_color=\u00a0\u00bb#e02b20&Prime;][\/et_pb_button][\/et_pb_column][\/et_pb_row][\/et_pb_section]<\/p>\n","protected":false},"excerpt":{"rendered":"<p>[et_pb_section fb_built=\u00a0\u00bb1&Prime; _builder_version=\u00a0\u00bb4.6.6&Prime; _module_preset=\u00a0\u00bbdefault\u00a0\u00bb background_color=\u00a0\u00bb#88c4dd\u00a0\u00bb locked=\u00a0\u00bboff\u00a0\u00bb][et_pb_row _builder_version=\u00a0\u00bb4.6.6&Prime; _module_preset=\u00a0\u00bbdefault\u00a0\u00bb background_color=\u00a0\u00bbrgba(0,0,0,0)\u00a0\u00bb][et_pb_column type=\u00a0\u00bb4_4&Prime; _builder_version=\u00a0\u00bb4.6.6&Prime; _module_preset=\u00a0\u00bbdefault\u00a0\u00bb][et_pb_menu menu_style=\u00a0\u00bbcentered\u00a0\u00bb submenu_direction=\u00a0\u00bbupwards\u00a0\u00bb dropdown_menu_line_color=\u00a0\u00bb#000000&Prime; dropdown_menu_text_color=\u00a0\u00bb#000000&Prime; dropdown_menu_active_link_color=\u00a0\u00bb#000000&Prime; mobile_menu_text_color=\u00a0\u00bb#000000&Prime; menu_icon_color=\u00a0\u00bb#000000&Prime; _builder_version=\u00a0\u00bb4.6.6&Prime; _module_preset=\u00a0\u00bbdefault\u00a0\u00bb menu_font=\u00a0\u00bb|800|||||||\u00a0\u00bb menu_line_height=\u00a0\u00bb0.5em\u00a0\u00bb background_color=\u00a0\u00bbrgba(0,0,0,0)\u00a0\u00bb custom_margin_tablet=\u00a0\u00bb\u00a0\u00bb custom_margin_phone=\u00a0\u00bb66px||-52px||false|false\u00a0\u00bb custom_margin_last_edited=\u00a0\u00bbon|phone\u00a0\u00bb menu_font_tablet=\u00a0\u00bb\u00a0\u00bb menu_font_phone=\u00a0\u00bb|300|||||||\u00a0\u00bb menu_font_last_edited=\u00a0\u00bbon|phone\u00a0\u00bb menu_font_size_tablet=\u00a0\u00bb\u00a0\u00bb menu_font_size_phone=\u00a0\u00bb12px\u00a0\u00bb menu_font_size_last_edited=\u00a0\u00bbon|phone\u00a0\u00bb menu_letter_spacing_tablet=\u00a0\u00bb\u00a0\u00bb menu_letter_spacing_phone=\u00a0\u00bb\u00a0\u00bb menu_letter_spacing_last_edited=\u00a0\u00bbon|phone\u00a0\u00bb][\/et_pb_menu][\/et_pb_column][\/et_pb_row][et_pb_row column_structure=\u00a0\u00bb3_4,1_4&Prime; _builder_version=\u00a0\u00bb4.6.6&Prime; _module_preset=\u00a0\u00bbdefault\u00a0\u00bb][et_pb_column type=\u00a0\u00bb3_4&Prime; _builder_version=\u00a0\u00bb4.6.6&Prime; _module_preset=\u00a0\u00bbdefault\u00a0\u00bb][et_pb_text _builder_version=\u00a0\u00bb4.6.6&Prime; _module_preset=\u00a0\u00bbdefault\u00a0\u00bb] Les regards sont tourn\u00e9s vers le futur, il est toujours plus [&hellip;]<\/p>\n","protected":false},"author":1,"featured_media":0,"parent":0,"menu_order":0,"comment_status":"closed","ping_status":"closed","template":"page-template-blank.php","meta":{"_et_pb_use_builder":"on","_et_pb_old_content":"","_et_gb_content_width":""},"yoast_head":"<!-- This site is optimized with the Yoast SEO plugin v15.3 - https:\/\/yoast.com\/wordpress\/plugins\/seo\/ -->\n<title>De Burgundia - i.conia<\/title>\n<meta name=\"description\" content=\"La Bourgogne, point de connexion fluviale, zone de rencontre des civilisations, d\u2019\u00e9change de richesses terrestres comme humaines !\" \/>\n<meta name=\"robots\" content=\"index, follow, max-snippet:-1, max-image-preview:large, max-video-preview:-1\" \/>\n<link rel=\"canonical\" href=\"http:\/\/www.i-conia.com\/?page_id=431\" \/>\n<meta property=\"og:locale\" content=\"fr_FR\" \/>\n<meta property=\"og:type\" content=\"article\" \/>\n<meta property=\"og:title\" content=\"De Burgundia - i.conia\" \/>\n<meta property=\"og:description\" content=\"La Bourgogne, point de connexion fluviale, zone de rencontre des civilisations, d\u2019\u00e9change de richesses terrestres comme humaines !\" \/>\n<meta property=\"og:url\" content=\"http:\/\/www.i-conia.com\/?page_id=431\" \/>\n<meta property=\"og:site_name\" content=\"i.conia\" \/>\n<meta property=\"article:publisher\" content=\"https:\/\/www.facebook.com\/C.de.Sansal\" \/>\n<meta property=\"article:modified_time\" content=\"2023-03-28T16:03:51+00:00\" \/>\n<meta name=\"twitter:card\" content=\"summary_large_image\" \/>\n<meta name=\"twitter:label1\" content=\"\u00c9crit par\">\n\t<meta name=\"twitter:data1\" content=\"sansal\">\n\t<meta name=\"twitter:label2\" content=\"Dur\u00e9e de lecture est.\">\n\t<meta name=\"twitter:data2\" content=\"4 minutes\">\n<script type=\"application\/ld+json\" class=\"yoast-schema-graph\">{\"@context\":\"https:\/\/schema.org\",\"@graph\":[{\"@type\":\"WebSite\",\"@id\":\"https:\/\/www.i-conia.com\/#website\",\"url\":\"https:\/\/www.i-conia.com\/\",\"name\":\"i.conia\",\"description\":\"Romans historiques, romans d&#039;aventure\",\"potentialAction\":[{\"@type\":\"SearchAction\",\"target\":\"https:\/\/www.i-conia.com\/?s={search_term_string}\",\"query-input\":\"required name=search_term_string\"}],\"inLanguage\":\"fr-FR\"},{\"@type\":\"WebPage\",\"@id\":\"http:\/\/www.i-conia.com\/?page_id=431#webpage\",\"url\":\"http:\/\/www.i-conia.com\/?page_id=431\",\"name\":\"De Burgundia - i.conia\",\"isPartOf\":{\"@id\":\"https:\/\/www.i-conia.com\/#website\"},\"datePublished\":\"2020-11-17T13:36:22+00:00\",\"dateModified\":\"2023-03-28T16:03:51+00:00\",\"description\":\"La Bourgogne, point de connexion fluviale, zone de rencontre des civilisations, d\\u2019\\u00e9change de richesses terrestres comme humaines !\",\"inLanguage\":\"fr-FR\",\"potentialAction\":[{\"@type\":\"ReadAction\",\"target\":[\"http:\/\/www.i-conia.com\/?page_id=431\"]}]}]}<\/script>\n<!-- \/ Yoast SEO plugin. -->","_links":{"self":[{"href":"https:\/\/www.i-conia.com\/index.php?rest_route=\/wp\/v2\/pages\/431"}],"collection":[{"href":"https:\/\/www.i-conia.com\/index.php?rest_route=\/wp\/v2\/pages"}],"about":[{"href":"https:\/\/www.i-conia.com\/index.php?rest_route=\/wp\/v2\/types\/page"}],"author":[{"embeddable":true,"href":"https:\/\/www.i-conia.com\/index.php?rest_route=\/wp\/v2\/users\/1"}],"replies":[{"embeddable":true,"href":"https:\/\/www.i-conia.com\/index.php?rest_route=%2Fwp%2Fv2%2Fcomments&post=431"}],"version-history":[{"count":15,"href":"https:\/\/www.i-conia.com\/index.php?rest_route=\/wp\/v2\/pages\/431\/revisions"}],"predecessor-version":[{"id":726,"href":"https:\/\/www.i-conia.com\/index.php?rest_route=\/wp\/v2\/pages\/431\/revisions\/726"}],"wp:attachment":[{"href":"https:\/\/www.i-conia.com\/index.php?rest_route=%2Fwp%2Fv2%2Fmedia&parent=431"}],"curies":[{"name":"wp","href":"https:\/\/api.w.org\/{rel}","templated":true}]}}