{"id":136,"date":"2020-11-10T11:08:44","date_gmt":"2020-11-10T10:08:44","guid":{"rendered":"http:\/\/www.i-conia.com\/?page_id=136"},"modified":"2024-11-11T11:30:58","modified_gmt":"2024-11-11T10:30:58","slug":"136-2","status":"publish","type":"page","link":"https:\/\/www.i-conia.com\/?page_id=136","title":{"rendered":"\u00c0 Propos"},"content":{"rendered":"<p>[et_pb_section fb_built=\u00a0\u00bb1&Prime; admin_label=\u00a0\u00bbPage Title Section\u00a0\u00bb _builder_version=\u00a0\u00bb4.6.6&Prime; use_background_color_gradient=\u00a0\u00bbon\u00a0\u00bb background_color_gradient_start=\u00a0\u00bbrgba(0,0,0,0)\u00a0\u00bb background_color_gradient_end=\u00a0\u00bb#b3b3b3&Prime; background_color_gradient_direction=\u00a0\u00bb117deg\u00a0\u00bb background_color_gradient_start_position=\u00a0\u00bb19%\u00a0\u00bb background_color_gradient_end_position=\u00a0\u00bb74%\u00a0\u00bb background_color_gradient_overlays_image=\u00a0\u00bbon\u00a0\u00bb background_image=\u00a0\u00bbhttp:\/\/www.i-conia.com\/wp-content\/uploads\/2020\/11\/fond-a-propos.jpg\u00a0\u00bb custom_margin=\u00a0\u00bb||0px|||\u00a0\u00bb custom_padding=\u00a0\u00bb9px||150px|||\u00a0\u00bb background_last_edited=\u00a0\u00bbon|phone\u00a0\u00bb background_color_gradient_end_phone=\u00a0\u00bbrgba(0,0,0,0)\u00a0\u00bb parallax_phone=\u00a0\u00bbon\u00a0\u00bb parallax_method_phone=\u00a0\u00bboff\u00a0\u00bb][et_pb_row _builder_version=\u00a0\u00bb4.6.6&Prime; _module_preset=\u00a0\u00bbdefault\u00a0\u00bb][et_pb_column type=\u00a0\u00bb4_4&Prime; _builder_version=\u00a0\u00bb4.6.6&Prime; _module_preset=\u00a0\u00bbdefault\u00a0\u00bb][et_pb_menu menu_style=\u00a0\u00bbcentered\u00a0\u00bb active_link_color=\u00a0\u00bb#000000&Prime; dropdown_menu_bg_color=\u00a0\u00bbrgba(0,0,0,0)\u00a0\u00bb dropdown_menu_line_color=\u00a0\u00bb#000000&Prime; dropdown_menu_text_color=\u00a0\u00bb#000000&Prime; dropdown_menu_active_link_color=\u00a0\u00bb#000000&Prime; mobile_menu_bg_color=\u00a0\u00bbrgba(0,0,0,0)\u00a0\u00bb mobile_menu_text_color=\u00a0\u00bb#000000&Prime; menu_icon_color=\u00a0\u00bb#000000&Prime; _builder_version=\u00a0\u00bb4.6.6&Prime; _module_preset=\u00a0\u00bbdefault\u00a0\u00bb menu_font=\u00a0\u00bb|700|||||||\u00a0\u00bb menu_font_size=\u00a0\u00bb15px\u00a0\u00bb menu_line_height=\u00a0\u00bb0.5em\u00a0\u00bb background_color=\u00a0\u00bbrgba(0,0,0,0)\u00a0\u00bb custom_margin_tablet=\u00a0\u00bb\u00a0\u00bb custom_margin_phone=\u00a0\u00bb-35px||46px||false|false\u00a0\u00bb custom_margin_last_edited=\u00a0\u00bbon|phone\u00a0\u00bb hover_enabled=\u00a0\u00bb0&Prime; locked=\u00a0\u00bboff\u00a0\u00bb sticky_enabled=\u00a0\u00bb0&Prime;][\/et_pb_menu][\/et_pb_column][\/et_pb_row][et_pb_row column_structure=\u00a0\u00bb1_2,1_2&Prime; _builder_version=\u00a0\u00bb4.6.6&Prime; _module_preset=\u00a0\u00bbdefault\u00a0\u00bb][et_pb_column type=\u00a0\u00bb1_2&Prime; _builder_version=\u00a0\u00bb4.6.6&Prime; _module_preset=\u00a0\u00bbdefault\u00a0\u00bb][et_pb_text _builder_version=\u00a0\u00bb4.6.6&Prime; _module_preset=\u00a0\u00bbdefault\u00a0\u00bb][\/et_pb_text][\/et_pb_column][et_pb_column type=\u00a0\u00bb1_2&Prime; _builder_version=\u00a0\u00bb4.6.6&Prime; _module_preset=\u00a0\u00bbdefault\u00a0\u00bb][et_pb_text _builder_version=\u00a0\u00bb4.6.6&Prime; _module_preset=\u00a0\u00bbdefault\u00a0\u00bb background_enable_color=\u00a0\u00bboff\u00a0\u00bb background_color_gradient_direction=\u00a0\u00bb176deg\u00a0\u00bb width=\u00a0\u00bb100%\u00a0\u00bb custom_margin=\u00a0\u00bb|12px||||\u00a0\u00bb custom_padding=\u00a0\u00bb|17px|38px|16px||\u00a0\u00bb filter_opacity=\u00a0\u00bb84%\u00a0\u00bb hover_enabled=\u00a0\u00bb0&Prime; background_color_phone=\u00a0\u00bbrgba(214,214,214,0.66)\u00a0\u00bb background_last_edited=\u00a0\u00bbon|phone\u00a0\u00bb background_enable_color_phone=\u00a0\u00bbon\u00a0\u00bb filter_hue_rotate_tablet=\u00a0\u00bb\u00a0\u00bb filter_hue_rotate_phone=\u00a0\u00bb\u00a0\u00bb filter_hue_rotate_last_edited=\u00a0\u00bbon|phone\u00a0\u00bb filter_contrast_tablet=\u00a0\u00bb\u00a0\u00bb filter_contrast_phone=\u00a0\u00bb\u00a0\u00bb filter_contrast_last_edited=\u00a0\u00bbon|phone\u00a0\u00bb filter_blur_tablet=\u00a0\u00bb\u00a0\u00bb filter_blur_phone=\u00a0\u00bb\u00a0\u00bb filter_blur_last_edited=\u00a0\u00bbon|phone\u00a0\u00bb locked=\u00a0\u00bboff\u00a0\u00bb sticky_enabled=\u00a0\u00bb0&Prime;]<\/p>\n<p><span style=\"color: #000000;\">L\u2019Histoire a une puissance parce que l\u2019homme a un besoin vital de savoir d\u2019o\u00f9 il vient. Il n\u2019y a pas plus actuel que l\u2019Histoire. Elle est encore l\u2019objet de bien des disputes et pol\u00e9miques. Si l\u2019homme \u00e9tait dou\u00e9 d\u2019une raison froide, nous n\u2019en ferions pas grand cas. Pourtant, nous avons une telle soif d\u2019apprendre de l\u2019Histoire, de rendre vive sa m\u00e9moire, que le besoin de l\u2019exactitude historique prend une place pr\u00e9pond\u00e9rante dans l\u2019\u00e2me d\u2019une nation, dans le devenir d\u2019un peuple.<\/span><\/p>\n<p><span style=\"color: #000000;\">La terre o\u00f9 nous vivons, c\u2019est le patrimoine par excellence. J\u2019ai besoin de me sentir proche de ceux qui l\u2019ont foul\u00e9e, de ceux qui l\u2019ont forg\u00e9e, par leur labeur, par leur foi, par leur sang. D\u2019o\u00f9 qu\u2019ils aient pu venir, ils n\u2019ont pas failli et ont apport\u00e9 leur pierre \u00e0 l\u2019\u00e9difice commun ! Les Celtes y \u00e9taient install\u00e9s depuis des si\u00e8cles, mais les Romains venaient d\u2019Italie. Les premiers chr\u00e9tiens arrivaient de l\u2019Orient et de Gr\u00e8ce. Les Burgondes, Alains, Goths et Francs arriv\u00e8rent par l\u2019Est, enfin les Normands venaient de Scandinavie.<\/span><\/p>\n<p><span style=\"color: #000000;\">Je vous propose, sous la forme de romans, un travail de transmission du patrimoine commun afin que vive dans le c\u0153ur de chaque Fran\u00e7ais la m\u00e9moire de son histoire, m\u00e9moire qui engendrera l\u2019amour de sa terre, amour qui engendrera la survie de sa culture. Il n\u2019y a rien de plus triste qu\u2019une culture qui meurt.<\/span><\/p>\n<p><span style=\"color: #000000;\">Le prisme bourguignon des premiers travaux est assum\u00e9 ! On ne se refait pas. Je t\u00e2cherai d\u2019\u00e9largir mes th\u00e8mes par la suite.<\/span><\/p>\n<p style=\"text-align: justify;\"><span style=\"color: #000000;\"><em><\/em><\/span><\/p>\n<p>[\/et_pb_text][\/et_pb_column][\/et_pb_row][\/et_pb_section]<\/p>\n","protected":false},"excerpt":{"rendered":"<p>L\u2019Histoire a une puissance. Elle na\u00eet d\u2019un besoin qui est dans l\u2019homme : savoir d\u2019o\u00f9 il vient.<\/p>\n","protected":false},"author":1,"featured_media":510,"parent":0,"menu_order":0,"comment_status":"closed","ping_status":"closed","template":"page-template-blank.php","meta":{"_et_pb_use_builder":"on","_et_pb_old_content":"","_et_gb_content_width":""},"yoast_head":"<!-- This site is optimized with the Yoast SEO plugin v15.3 - https:\/\/yoast.com\/wordpress\/plugins\/seo\/ -->\n<title>\u00c0 Propos - i.conia<\/title>\n<meta name=\"description\" content=\"L\u2019Histoire a une puissance. Elle na\u00eet d\u2019un besoin qui est dans l\u2019homme : savoir d\u2019o\u00f9 il vient.\" \/>\n<meta name=\"robots\" content=\"index, follow, max-snippet:-1, max-image-preview:large, max-video-preview:-1\" \/>\n<link rel=\"canonical\" href=\"http:\/\/www.i-conia.com\/?page_id=136\" \/>\n<meta property=\"og:locale\" content=\"fr_FR\" \/>\n<meta property=\"og:type\" content=\"article\" \/>\n<meta property=\"og:title\" content=\"\u00c0 Propos - i.conia\" \/>\n<meta property=\"og:description\" content=\"L\u2019Histoire a une puissance. Elle na\u00eet d\u2019un besoin qui est dans l\u2019homme : savoir d\u2019o\u00f9 il vient.\" \/>\n<meta property=\"og:url\" content=\"http:\/\/www.i-conia.com\/?page_id=136\" \/>\n<meta property=\"og:site_name\" content=\"i.conia\" \/>\n<meta property=\"article:publisher\" content=\"https:\/\/www.facebook.com\/C.de.Sansal\" \/>\n<meta property=\"article:modified_time\" content=\"2024-11-11T10:30:58+00:00\" \/>\n<meta property=\"og:image\" content=\"https:\/\/www.i-conia.com\/wp-content\/uploads\/2020\/11\/fond-mobile-Roman.jpg\" \/>\n\t<meta property=\"og:image:width\" content=\"399\" \/>\n\t<meta property=\"og:image:height\" content=\"712\" \/>\n<meta name=\"twitter:card\" content=\"summary_large_image\" \/>\n<meta name=\"twitter:label1\" content=\"\u00c9crit par\">\n\t<meta name=\"twitter:data1\" content=\"sansal\">\n\t<meta name=\"twitter:label2\" content=\"Dur\u00e9e de lecture est.\">\n\t<meta name=\"twitter:data2\" content=\"2 minutes\">\n<script type=\"application\/ld+json\" class=\"yoast-schema-graph\">{\"@context\":\"https:\/\/schema.org\",\"@graph\":[{\"@type\":\"WebSite\",\"@id\":\"https:\/\/www.i-conia.com\/#website\",\"url\":\"https:\/\/www.i-conia.com\/\",\"name\":\"i.conia\",\"description\":\"Romans historiques, romans d&#039;aventure\",\"potentialAction\":[{\"@type\":\"SearchAction\",\"target\":\"https:\/\/www.i-conia.com\/?s={search_term_string}\",\"query-input\":\"required name=search_term_string\"}],\"inLanguage\":\"fr-FR\"},{\"@type\":\"ImageObject\",\"@id\":\"http:\/\/www.i-conia.com\/?page_id=136#primaryimage\",\"inLanguage\":\"fr-FR\",\"url\":\"https:\/\/www.i-conia.com\/wp-content\/uploads\/2020\/11\/fond-mobile-Roman.jpg\",\"width\":399,\"height\":712},{\"@type\":\"WebPage\",\"@id\":\"http:\/\/www.i-conia.com\/?page_id=136#webpage\",\"url\":\"http:\/\/www.i-conia.com\/?page_id=136\",\"name\":\"\\u00c0 Propos - i.conia\",\"isPartOf\":{\"@id\":\"https:\/\/www.i-conia.com\/#website\"},\"primaryImageOfPage\":{\"@id\":\"http:\/\/www.i-conia.com\/?page_id=136#primaryimage\"},\"datePublished\":\"2020-11-10T10:08:44+00:00\",\"dateModified\":\"2024-11-11T10:30:58+00:00\",\"description\":\"L\\u2019Histoire a une puissance. Elle na\\u00eet d\\u2019un besoin qui est dans l\\u2019homme : savoir d\\u2019o\\u00f9 il vient.\",\"inLanguage\":\"fr-FR\",\"potentialAction\":[{\"@type\":\"ReadAction\",\"target\":[\"http:\/\/www.i-conia.com\/?page_id=136\"]}]}]}<\/script>\n<!-- \/ Yoast SEO plugin. -->","_links":{"self":[{"href":"https:\/\/www.i-conia.com\/index.php?rest_route=\/wp\/v2\/pages\/136"}],"collection":[{"href":"https:\/\/www.i-conia.com\/index.php?rest_route=\/wp\/v2\/pages"}],"about":[{"href":"https:\/\/www.i-conia.com\/index.php?rest_route=\/wp\/v2\/types\/page"}],"author":[{"embeddable":true,"href":"https:\/\/www.i-conia.com\/index.php?rest_route=\/wp\/v2\/users\/1"}],"replies":[{"embeddable":true,"href":"https:\/\/www.i-conia.com\/index.php?rest_route=%2Fwp%2Fv2%2Fcomments&post=136"}],"version-history":[{"count":41,"href":"https:\/\/www.i-conia.com\/index.php?rest_route=\/wp\/v2\/pages\/136\/revisions"}],"predecessor-version":[{"id":771,"href":"https:\/\/www.i-conia.com\/index.php?rest_route=\/wp\/v2\/pages\/136\/revisions\/771"}],"wp:featuredmedia":[{"embeddable":true,"href":"https:\/\/www.i-conia.com\/index.php?rest_route=\/wp\/v2\/media\/510"}],"wp:attachment":[{"href":"https:\/\/www.i-conia.com\/index.php?rest_route=%2Fwp%2Fv2%2Fmedia&parent=136"}],"curies":[{"name":"wp","href":"https:\/\/api.w.org\/{rel}","templated":true}]}}